{"id":244542,"date":"2021-07-16T13:10:08","date_gmt":"2021-07-16T13:10:08","guid":{"rendered":"http:\/\/www.opdrhakanyuksel.com\/unsere-klinik\/"},"modified":"2024-04-14T17:29:22","modified_gmt":"2024-04-14T17:29:22","slug":"unsere-klinik","status":"publish","type":"page","link":"https:\/\/www.opdrhakanyuksel.com\/de\/unsere-klinik\/","title":{"rendered":"Unsere Klinik"},"content":{"rendered":"<p>[et_pb_section fb_built=&#8220;1&#8243; custom_padding_last_edited=&#8220;on|phone&#8220; _builder_version=&#8220;4.23&#8243; use_background_color_gradient=&#8220;on&#8220; background_color_gradient_direction=&#8220;270deg&#8220; background_color_gradient_stops=&#8220;rgba(38,61,123,0.9) 0%|rgba(38,61,123,0.18) 94%&#8220; background_color_gradient_overlays_image=&#8220;on&#8220; background_color_gradient_start=&#8220;rgba(38,61,123,0.9)&#8220; background_color_gradient_end=&#8220;rgba(38,61,123,0.18)&#8220; background_color_gradient_end_position=&#8220;94%&#8220; background_image=&#8220;http:\/\/www.opdrhakanyuksel.com\/wp-content\/uploads\/2023\/10\/hakan-yuksel-klinik.png&#8220; custom_padding=&#8220;15vh||20vh||false|false&#8220; custom_padding_tablet=&#8220;5vh||||false|false&#8220; custom_padding_phone=&#8220;5vh||20vh||false|false&#8220; bottom_divider_style=&#8220;curve2&#8243; bottom_divider_color=&#8220;#FFFFFF&#8220; bottom_divider_height=&#8220;200px&#8220; bottom_divider_repeat=&#8220;0x&#8220; bottom_divider_height_tablet=&#8220;80px&#8220; bottom_divider_height_phone=&#8220;60px&#8220; bottom_divider_height_last_edited=&#8220;on|phone&#8220; background_last_edited=&#8220;on|tablet&#8220; use_background_color_gradient_tablet=&#8220;on&#8220; background_color_gradient_stops_tablet=&#8220;rgba(38,61,123,0.9) 0%|rgba(38,61,123,0.69) 100%&#8220; background_color_gradient_stops_phone=&#8220;rgba(38,61,123,0.9) 0%|rgba(38,61,123,0.69) 100%&#8220; background_color_gradient_start_position_tablet=&#8220;0%&#8220; background_color_gradient_end_tablet=&#8220;rgba(38,61,123,0.69)&#8220; background_color_gradient_end_position_tablet=&#8220;100%&#8220; background_color_gradient_end_position_phone=&#8220;100%&#8220; background_position_tablet=&#8220;top_right&#8220; background_position_phone=&#8220;top_left&#8220; global_colors_info=&#8220;{}&#8220;][et_pb_row column_structure=&#8220;1_3,2_3&#8243; _builder_version=&#8220;4.16&#8243; _module_preset=&#8220;default&#8220; max_width=&#8220;1538px&#8220; global_colors_info=&#8220;{}&#8220;][et_pb_column type=&#8220;1_3&#8243; _builder_version=&#8220;4.16&#8243; _module_preset=&#8220;default&#8220; global_colors_info=&#8220;{}&#8220;][\/et_pb_column][et_pb_column type=&#8220;2_3&#8243; _builder_version=&#8220;4.16&#8243; _module_preset=&#8220;default&#8220; global_colors_info=&#8220;{}&#8220;][et_pb_cta title=&#8220;1300+&#8220; _builder_version=&#8220;4.16&#8243; _module_preset=&#8220;default&#8220; header_font=&#8220;Montserrat|700|||||||&#8220; header_text_color=&#8220;#F6FBFD&#8220; header_font_size=&#8220;82px&#8220; body_font=&#8220;Montserrat|300|||||||&#8220; body_text_color=&#8220;#bbd1ff&#8220; body_font_size=&#8220;42px&#8220; body_line_height=&#8220;1em&#8220; background_color=&#8220;RGBA(0,0,0,0)&#8220; custom_button=&#8220;on&#8220; button_bg_color=&#8220;#09A2D6&#8243; button_border_color=&#8220;#09A2D6&#8243; text_orientation=&#8220;left&#8220; width=&#8220;100%&#8220; max_width=&#8220;1000%&#8220; custom_margin=&#8220;||0px||false|false&#8220; custom_padding=&#8220;||0px|0px|false|false&#8220; header_font_size_tablet=&#8220;56px&#8220; header_font_size_phone=&#8220;30px&#8220; header_font_size_last_edited=&#8220;on|phone&#8220; body_font_size_tablet=&#8220;37px&#8220; body_font_size_phone=&#8220;30px&#8220; body_font_size_last_edited=&#8220;on|desktop&#8220; global_colors_info=&#8220;{}&#8220; button_border_color__hover_enabled=&#8220;on|hover&#8220; button_border_color__hover=&#8220;#09A2D6&#8243;]<\/p>\n<p>Fallbeispiel Erfahrung<\/p>\n<p>[\/et_pb_cta][et_pb_text _builder_version=&#8220;4.16&#8243; _module_preset=&#8220;default&#8220; text_text_color=&#8220;#FFFFFF&#8220; max_width=&#8220;800px&#8220; text_font_size_tablet=&#8220;&#8220; text_font_size_phone=&#8220;16px&#8220; text_font_size_last_edited=&#8220;on|phone&#8220; global_colors_info=&#8220;{}&#8220;]<\/p>\n<p>Ich habe Erfahrung mit \u00fcber 1300 F\u00e4llen aus 27 Provinzen der T\u00fcrkei und 7 verschiedenen L\u00e4ndern. Alle unsere Patienten sind registriert und werden von uns betreut.<\/p>\n<p>[\/et_pb_text][dipi_button_grid flex_direction=&#8220;row&#8220; justify_content=&#8220;flex-start&#8220; _builder_version=&#8220;4.23&#8243; _module_preset=&#8220;default&#8220; custom_button_grid=&#8220;on&#8220; button_grid_custom_padding=&#8220;15px|30px|15px|30px|false|false&#8220; button_grid_custom_padding_tablet=&#8220;&#8220; button_grid_custom_padding_phone=&#8220;10px|20px|10px|20px|false|false&#8220; button_grid_custom_padding_last_edited=&#8220;on|phone&#8220; button_grid_text_size_tablet=&#8220;&#8220; button_grid_text_size_phone=&#8220;14px&#8220; button_grid_text_size_last_edited=&#8220;on|phone&#8220; global_colors_info=&#8220;{}&#8220;][dipi_button_grid_child button_id=&#8220;\u0130leti\u015fim&#8220; button_text=&#8220;Kontakt&#8220; _builder_version=&#8220;4.23&#8243; _module_preset=&#8220;default&#8220; global_colors_info=&#8220;{}&#8220;][\/dipi_button_grid_child][\/dipi_button_grid][\/et_pb_column][\/et_pb_row][\/et_pb_section][et_pb_section fb_built=&#8220;1&#8243; _builder_version=&#8220;4.16&#8243; _module_preset=&#8220;default&#8220; background_image=&#8220;http:\/\/www.opdrhakanyuksel.com\/wp-content\/uploads\/2021\/07\/medical-shape-01.svg&#8220; background_size=&#8220;contain&#8220; background_position=&#8220;top_left&#8220; custom_margin=&#8220;||||false|false&#8220; custom_padding=&#8220;80px||0px||false|false&#8220; global_colors_info=&#8220;{}&#8220;][et_pb_row column_structure=&#8220;1_2,1_2&#8243; make_equal=&#8220;on&#8220; module_class=&#8220;reverse-columns&#8220; _builder_version=&#8220;4.16&#8243; _module_preset=&#8220;default&#8220; custom_padding=&#8220;||0px|||&#8220; global_colors_info=&#8220;{}&#8220;][et_pb_column type=&#8220;1_2&#8243; module_class=&#8220;dp-vertical-align&#8220; _builder_version=&#8220;4.16&#8243; _module_preset=&#8220;default&#8220; global_colors_info=&#8220;{}&#8220;][et_pb_text _builder_version=&#8220;4.16&#8243; _module_preset=&#8220;default&#8220; header_2_text_color=&#8220;#09A2D6&#8243; max_width=&#8220;700px&#8220; module_alignment=&#8220;center&#8220; text_font_size_tablet=&#8220;&#8220; text_font_size_phone=&#8220;15px&#8220; text_font_size_last_edited=&#8220;on|phone&#8220; text_line_height_tablet=&#8220;&#8220; text_line_height_phone=&#8220;1.7em&#8220; text_line_height_last_edited=&#8220;on|phone&#8220; header_2_font_size_tablet=&#8220;40px&#8220; header_2_font_size_phone=&#8220;32px&#8220; header_2_font_size_last_edited=&#8220;on|phone&#8220; global_colors_info=&#8220;{}&#8220;]<\/p>\n<h2>Meine Geschichte<\/h2>\n<p><span>Unsere Klinik f\u00fcr Hals-Nasen-Ohrenheilkunde, die seit mehr als 25 Jahren in Lara, Fener Mahallesi, einem der Elitebezirke von Antalya, t\u00e4tig ist, bietet Ihnen mit unserer Kompetenz und Erfahrung L\u00f6sungen f\u00fcr Ihre Bed\u00fcrfnisse.<\/span><\/p>\n<p>[\/et_pb_text][\/et_pb_column][et_pb_column type=&#8220;1_2&#8243; module_class=&#8220;dp-vertical-align&#8220; _builder_version=&#8220;4.16&#8243; _module_preset=&#8220;default&#8220; global_colors_info=&#8220;{}&#8220;][dipi_image_mask image=&#8220;http:\/\/www.opdrhakanyuksel.com\/wp-content\/uploads\/2023\/10\/1647513087214-scaled-1-1.jpg&#8220; shape=&#8220;Shape3&#8243; image_width=&#8220;107%&#8220; image_horz=&#8220;-87&#8243; image_vert=&#8220;28&#8243; layer_1_enable=&#8220;on&#8220; layer_1_background_color=&#8220;#F6FBFD&#8220; layer_2_enable=&#8220;on&#8220; docration_element_1=&#8220;DottedCircle&#8220; layer_2_background_color=&#8220;#263D7B&#8220; layer_2_horz=&#8220;40%&#8220; layer_2_vert=&#8220;45%&#8220; layer_2_scale=&#8220;0.6&#8243; layer_2_rotate=&#8220;1&#8243; layer_3_enable=&#8220;on&#8220; docration_element_2=&#8220;FilledCircle&#8220; layer_3_background_color=&#8220;#09A2D6&#8243; layer_3_horz=&#8220;32%&#8220; layer_3_vert=&#8220;-33%&#8220; layer_3_scale=&#8220;0.1&#8243; _builder_version=&#8220;4.23&#8243; _module_preset=&#8220;default&#8220; global_colors_info=&#8220;{}&#8220;][\/dipi_image_mask][\/et_pb_column][\/et_pb_row][\/et_pb_section][et_pb_section fb_built=&#8220;1&#8243; make_equal=&#8220;on&#8220; specialty=&#8220;on&#8220; custom_padding_last_edited=&#8220;on|phone&#8220; module_class_1=&#8220;dp-vertical-align&#8220; module_class_2=&#8220;dp-vertical-align&#8220; _builder_version=&#8220;4.16&#8243; _module_preset=&#8220;default&#8220; background_image=&#8220;http:\/\/www.opdrhakanyuksel.com\/wp-content\/uploads\/2021\/07\/medical-shape-02.svg&#8220; background_size=&#8220;contain&#8220; background_position=&#8220;top_right&#8220; custom_padding=&#8220;0px||40px|||&#8220; custom_padding_tablet=&#8220;&#8220; custom_padding_phone=&#8220;60px||40px||false|false&#8220; global_colors_info=&#8220;{}&#8220;][et_pb_column type=&#8220;1_2&#8243; _builder_version=&#8220;4.16&#8243; custom_padding=&#8220;|||&#8220; global_colors_info=&#8220;{}&#8220; custom_padding__hover=&#8220;|||&#8220;][dipi_image_mask image=&#8220;http:\/\/www.opdrhakanyuksel.com\/wp-content\/uploads\/2023\/10\/bekleme.jpg&#8220; shape=&#8220;Shape3&#8243; image_width=&#8220;120%&#8220; image_horz=&#8220;-110&#8243; layer_1_enable=&#8220;on&#8220; layer_1_background_color=&#8220;#F6FBFD&#8220; layer_2_enable=&#8220;on&#8220; docration_element_1=&#8220;DottedCircle&#8220; layer_2_background_color=&#8220;#263D7B&#8220; layer_2_horz=&#8220;49%&#8220; layer_2_vert=&#8220;40%&#8220; layer_2_scale=&#8220;0.6&#8243; layer_3_enable=&#8220;on&#8220; docration_element_2=&#8220;FilledCircle&#8220; layer_3_background_color=&#8220;#263D7B&#8220; layer_3_horz=&#8220;37%&#8220; layer_3_vert=&#8220;-40%&#8220; layer_3_scale=&#8220;0.1&#8243; _builder_version=&#8220;4.23&#8243; _module_preset=&#8220;default&#8220; global_colors_info=&#8220;{}&#8220;][\/dipi_image_mask][\/et_pb_column][et_pb_column type=&#8220;1_2&#8243; specialty_columns=&#8220;2&#8243; _builder_version=&#8220;4.16&#8243; custom_padding=&#8220;|||&#8220; global_colors_info=&#8220;{}&#8220; custom_padding__hover=&#8220;|||&#8220;][et_pb_row_inner _builder_version=&#8220;4.16&#8243; _module_preset=&#8220;default&#8220; global_colors_info=&#8220;{}&#8220;][et_pb_column_inner saved_specialty_column_type=&#8220;1_2&#8243; _builder_version=&#8220;4.16&#8243; _module_preset=&#8220;default&#8220; global_colors_info=&#8220;{}&#8220;][et_pb_text _builder_version=&#8220;4.16&#8243; _module_preset=&#8220;default&#8220; header_2_text_color=&#8220;#09A2D6&#8243; max_width=&#8220;700px&#8220; module_alignment=&#8220;center&#8220; text_font_size_tablet=&#8220;&#8220; text_font_size_phone=&#8220;15px&#8220; text_font_size_last_edited=&#8220;on|phone&#8220; text_line_height_tablet=&#8220;&#8220; text_line_height_phone=&#8220;1.7em&#8220; text_line_height_last_edited=&#8220;on|phone&#8220; header_2_font_size_tablet=&#8220;40px&#8220; header_2_font_size_phone=&#8220;32px&#8220; header_2_font_size_last_edited=&#8220;on|phone&#8220; global_colors_info=&#8220;{}&#8220;]<\/p>\n<h2>Lernen Sie uns durch unsere Bewertungen kennen<\/h2>\n<p>Op. Dr. Hakan Y\u00fcksel, der Inhaber unserer Klinik und Einrichtung, ist bestrebt, Ihre Zufriedenheit vor und nach der Untersuchung zu gew\u00e4hrleisten, wobei er in erster Linie Ihre Gesundheit ber\u00fccksichtigt. Einer der angesehensten Hals-Nasen-Ohren-\u00c4rzte in Antalya, Op. Wir erstellen Behandlungspl\u00e4ne mit Dr. Hakan Y\u00fcksel. Wir sind stolz darauf, dass unsere Patienten unsere Klinik als den besten HNO-Arzt und die beste HNO-Klinik in Antalya bezeichnen und uns ihr Feedback geben. Wir laden Sie ein, den unten stehenden Links zu folgen, um diese wertvollen Kommentare zu lesen.<\/p>\n<p>[\/et_pb_text][\/et_pb_column_inner][\/et_pb_row_inner][\/et_pb_column][\/et_pb_section][et_pb_section fb_built=&#8220;1&#8243; _builder_version=&#8220;4.16&#8243; _module_preset=&#8220;default&#8220; background_color=&#8220;#FFFFFF&#8220; background_image=&#8220;http:\/\/www.opdrhakanyuksel.com\/wp-content\/uploads\/2021\/07\/medical-shape-01.svg&#8220; background_size=&#8220;contain&#8220; background_position=&#8220;top_left&#8220; custom_padding=&#8220;40px|||||&#8220; global_colors_info=&#8220;{}&#8220;][et_pb_row _builder_version=&#8220;4.16&#8243; _module_preset=&#8220;default&#8220; global_colors_info=&#8220;{}&#8220;][et_pb_column type=&#8220;4_4&#8243; _builder_version=&#8220;4.16&#8243; _module_preset=&#8220;default&#8220; global_colors_info=&#8220;{}&#8220;][et_pb_text _builder_version=&#8220;4.16&#8243; _module_preset=&#8220;default&#8220; header_2_text_color=&#8220;#09A2D6&#8243; text_orientation=&#8220;center&#8220; max_width=&#8220;700px&#8220; module_alignment=&#8220;center&#8220; text_font_size_tablet=&#8220;&#8220; text_font_size_phone=&#8220;15px&#8220; text_font_size_last_edited=&#8220;on|phone&#8220; text_line_height_tablet=&#8220;&#8220; text_line_height_phone=&#8220;1.7em&#8220; text_line_height_last_edited=&#8220;on|phone&#8220; header_2_font_size_tablet=&#8220;40px&#8220; header_2_font_size_phone=&#8220;32px&#8220; header_2_font_size_last_edited=&#8220;on|phone&#8220; global_colors_info=&#8220;{}&#8220;]<\/p>\n<h2>Unser Kommentar<\/h2>\n<p>Sie k\u00f6nnen Kommentare von unseren Patienten in 3 verschiedenen Systemen finden.<\/p>\n<p>[\/et_pb_text][\/et_pb_column][\/et_pb_row][et_pb_row column_structure=&#8220;1_3,1_3,1_3&#8243; _builder_version=&#8220;4.23&#8243; _module_preset=&#8220;default&#8220; global_colors_info=&#8220;{}&#8220;][et_pb_column type=&#8220;1_3&#8243; _builder_version=&#8220;4.23&#8243; _module_preset=&#8220;default&#8220; global_colors_info=&#8220;{}&#8220;][et_pb_blurb title=&#8220;Google-Bewertungen&#8220; url=&#8220;https:\/\/goo.gl\/maps\/D49URGuaH8z2Y2Jp8&#8243; module_class=&#8220;dp_city_01 dp_city&#8220; _builder_version=&#8220;4.23&#8243; _module_preset=&#8220;default&#8220; header_font=&#8220;|700||on|||||&#8220; header_text_color=&#8220;#FFFFFF&#8220; header_font_size=&#8220;20px&#8220; header_letter_spacing=&#8220;1px&#8220; body_font=&#8220;|300|||||||&#8220; body_text_align=&#8220;center&#8220; body_text_color=&#8220;#FFFFFF&#8220; background_color=&#8220;#FFFFFF&#8220; use_background_color_gradient=&#8220;on&#8220; background_color_gradient_stops=&#8220;rgba(10,1,1,0) 35%|rgba(10,2,2,0.7) 100%&#8220; background_color_gradient_overlays_image=&#8220;on&#8220; background_color_gradient_start=&#8220;rgba(10,1,1,0)&#8220; background_color_gradient_start_position=&#8220;35%&#8220; background_color_gradient_end=&#8220;rgba(10,2,2,0.7)&#8220; background_image=&#8220;http:\/\/www.opdrhakanyuksel.com\/wp-content\/uploads\/2023\/10\/google-yorum-satin-al.webp&#8220; background_size=&#8220;contain&#8220; text_orientation=&#8220;center&#8220; custom_margin=&#8220;||||false|false&#8220; custom_padding=&#8220;60%||20px||false|false&#8220; filter_contrast=&#8220;80%&#8220; background_last_edited=&#8220;off|desktop&#8220; custom_css_blurb_image=&#8220;margin-bottom: 20px&#8220; custom_css_blurb_title=&#8220;padding-bottom:5px;&#8220; border_radii=&#8220;on|10px|10px|10px|10px&#8220; border_color_all=&#8220;#FFFFFF&#8220; border_radii_image=&#8220;off|10px|10px||&#8220; box_shadow_style=&#8220;preset1&#8243; box_shadow_vertical=&#8220;12px&#8220; box_shadow_blur=&#8220;20px&#8220; box_shadow_color=&#8220;rgba(28,14,0,0.4)&#8220; global_colors_info=&#8220;{}&#8220; background__hover_enabled=&#8220;off|hover&#8220; background_color_gradient_end__hover=&#8220;rgba(10,2,2,0.8)&#8220; use_background_color_gradient__hover=&#8220;on&#8220; filter_contrast__hover_enabled=&#8220;on|hover&#8220; filter_contrast__hover=&#8220;110%&#8220; background_color_gradient_stops__hover=&#8220;rgba(10,1,1,0) 35%|rgba(10,2,2,0.8) 100%&#8220;]<\/p>\n<p>\u00dcberpr\u00fcfung<\/p>\n<p>[\/et_pb_blurb][\/et_pb_column][et_pb_column type=&#8220;1_3&#8243; _builder_version=&#8220;4.23&#8243; _module_preset=&#8220;default&#8220; global_colors_info=&#8220;{}&#8220;][et_pb_blurb title=&#8220;Arztkalender&#8220; url=&#8220;https:\/\/www.doktortakvimi.com\/hakan-yuksel-2\/kulak-burun-bogaz\/antalya&#8220; module_class=&#8220;dp_city_02 dp_city&#8220; _builder_version=&#8220;4.23&#8243; _module_preset=&#8220;default&#8220; header_font=&#8220;|700||on|||||&#8220; header_text_color=&#8220;#FFFFFF&#8220; header_font_size=&#8220;20px&#8220; header_letter_spacing=&#8220;1px&#8220; body_font=&#8220;|300|||||||&#8220; body_text_align=&#8220;center&#8220; body_text_color=&#8220;#FFFFFF&#8220; background_color=&#8220;#FFFFFF&#8220; use_background_color_gradient=&#8220;on&#8220; background_color_gradient_stops=&#8220;rgba(10,1,1,0) 35%|rgba(10,2,2,0.7) 100%&#8220; background_color_gradient_overlays_image=&#8220;on&#8220; background_color_gradient_start=&#8220;rgba(10,1,1,0)&#8220; background_color_gradient_start_position=&#8220;35%&#8220; background_color_gradient_end=&#8220;rgba(10,2,2,0.7)&#8220; background_image=&#8220;http:\/\/www.opdrhakanyuksel.com\/wp-content\/uploads\/2023\/10\/logo-default-tr.svg&#8220; background_size=&#8220;contain&#8220; text_orientation=&#8220;center&#8220; custom_margin=&#8220;||||false|false&#8220; custom_padding=&#8220;60%||20px||false|false&#8220; filter_contrast=&#8220;80%&#8220; custom_css_blurb_image=&#8220;margin-bottom: 20px&#8220; custom_css_blurb_title=&#8220;padding-bottom:5px;&#8220; border_radii=&#8220;on|10px|10px|10px|10px&#8220; border_radii_image=&#8220;off|10px|10px||&#8220; box_shadow_style=&#8220;preset1&#8243; box_shadow_vertical=&#8220;12px&#8220; box_shadow_blur=&#8220;20px&#8220; box_shadow_color=&#8220;rgba(28,14,0,0.4)&#8220; global_colors_info=&#8220;{}&#8220; filter_contrast__hover=&#8220;110%&#8220; filter_contrast__hover_enabled=&#8220;on|hover&#8220; background__hover_enabled=&#8220;off|hover&#8220;]<\/p>\n<p>Unser Kommentar<\/p>\n<p>[\/et_pb_blurb][\/et_pb_column][et_pb_column type=&#8220;1_3&#8243; _builder_version=&#8220;4.23&#8243; _module_preset=&#8220;default&#8220; global_colors_info=&#8220;{}&#8220;][et_pb_blurb title=&#8220;\u00c4RZTLICHE UNTERSUCHUNG&#8220; url=&#8220;https:\/\/doktormuayene.com\/op-dr-hakan-yuksel\/kulak-burun-bogaz\/antalya&#8220; module_class=&#8220;dp_city_03 dp_city&#8220; _builder_version=&#8220;4.23&#8243; _module_preset=&#8220;default&#8220; header_font=&#8220;|700||on|||||&#8220; header_text_color=&#8220;#FFFFFF&#8220; header_font_size=&#8220;20px&#8220; header_letter_spacing=&#8220;1px&#8220; body_font=&#8220;|300|||||||&#8220; body_text_align=&#8220;center&#8220; body_text_color=&#8220;#FFFFFF&#8220; background_color=&#8220;#FFFFFF&#8220; use_background_color_gradient=&#8220;on&#8220; background_color_gradient_stops=&#8220;rgba(10,1,1,0) 35%|rgba(10,2,2,0.7) 100%&#8220; background_color_gradient_overlays_image=&#8220;on&#8220; background_color_gradient_start=&#8220;rgba(10,1,1,0)&#8220; background_color_gradient_start_position=&#8220;35%&#8220; background_color_gradient_end=&#8220;rgba(10,2,2,0.7)&#8220; background_image=&#8220;http:\/\/www.opdrhakanyuksel.com\/wp-content\/uploads\/2023\/10\/logo3.png&#8220; background_size=&#8220;contain&#8220; text_orientation=&#8220;center&#8220; custom_margin=&#8220;||||false|false&#8220; custom_padding=&#8220;60%||20px||false|false&#8220; filter_contrast=&#8220;80%&#8220; custom_css_blurb_image=&#8220;margin-bottom: 20px&#8220; custom_css_blurb_title=&#8220;padding-bottom:5px;&#8220; border_radii=&#8220;on|10px|10px|10px|10px&#8220; border_radii_image=&#8220;off|10px|10px||&#8220; box_shadow_style=&#8220;preset1&#8243; box_shadow_vertical=&#8220;12px&#8220; box_shadow_blur=&#8220;20px&#8220; box_shadow_color=&#8220;rgba(28,14,0,0.4)&#8220; global_colors_info=&#8220;{}&#8220; filter_contrast__hover=&#8220;110%&#8220; filter_contrast__hover_enabled=&#8220;on|hover&#8220; background__hover_enabled=&#8220;off|hover&#8220;]<\/p>\n<p>Unser Kommentar<\/p>\n<p>[\/et_pb_blurb][\/et_pb_column][\/et_pb_row][\/et_pb_section][et_pb_section fb_built=&#8220;1&#8243; custom_padding_last_edited=&#8220;on|tablet&#8220; _builder_version=&#8220;4.16&#8243; background_color=&#8220;#ffffff&#8220; custom_padding=&#8220;120px||120px|||&#8220; custom_padding_tablet=&#8220;80px||80px||false|false&#8220; custom_padding_phone=&#8220;60px||60px||false|false&#8220; global_colors_info=&#8220;{}&#8220;][et_pb_row _builder_version=&#8220;4.16&#8243; _module_preset=&#8220;default&#8220; global_colors_info=&#8220;{}&#8220;][et_pb_column type=&#8220;4_4&#8243; _builder_version=&#8220;4.16&#8243; _module_preset=&#8220;default&#8220; global_colors_info=&#8220;{}&#8220;][et_pb_text _builder_version=&#8220;4.23&#8243; _module_preset=&#8220;default&#8220; header_2_text_color=&#8220;#09A2D6&#8243; text_orientation=&#8220;center&#8220; max_width=&#8220;700px&#8220; module_alignment=&#8220;center&#8220; text_font_size_tablet=&#8220;&#8220; text_font_size_phone=&#8220;15px&#8220; text_font_size_last_edited=&#8220;on|phone&#8220; text_line_height_tablet=&#8220;&#8220; text_line_height_phone=&#8220;1.7em&#8220; text_line_height_last_edited=&#8220;on|phone&#8220; header_2_font_size_tablet=&#8220;40px&#8220; header_2_font_size_phone=&#8220;32px&#8220; header_2_font_size_last_edited=&#8220;on|phone&#8220; global_colors_info=&#8220;{}&#8220;]<\/p>\n<h2>Klinik-Galerie<\/h2>\n<p>Hier finden Sie Bildmaterial \u00fcber unsere Klinik.<\/p>\n<p>[\/et_pb_text][\/et_pb_column][\/et_pb_row][et_pb_row _builder_version=&#8220;4.16&#8243; width_tablet=&#8220;90%&#8220; width_phone=&#8220;&#8220; width_last_edited=&#8220;on|phone&#8220; max_width=&#8220;1400px&#8220; module_alignment=&#8220;center&#8220; custom_padding=&#8220;0px|||||&#8220; global_colors_info=&#8220;{}&#8220;][et_pb_column type=&#8220;4_4&#8243; _builder_version=&#8220;4.16&#8243; global_colors_info=&#8220;{}&#8220;][dipi_masonry_gallery images=&#8220;32059,32060,32061,32062,32063,32064,32065,32066,32067,32068,32069,32070,32071,32072,32073,32074,32300,32301,32302,32299,32298,32297&#8243; image_count=&#8220;4&#8243; gallery_ids=&#8220;242666,242665,242674,242675,242676,242677&#8243; use_overlay=&#8220;on&#8220; overlay_align_horizontal=&#8220;flex-end&#8220; overlay_align_vertical=&#8220;flex-start&#8220; hover_icon=&#8220;&#x30;||divi||400&#8243; icon_animation=&#8220;zoomIn&#8220; icon_speed=&#8220;400ms&#8220; gutter=&#8220;22&#8243; overlay_bg_color=&#8220;rgba(21,2,42,0.15)&#8220; overlay_icon_color=&#8220;#15022A&#8220; overlay_icon_use_circle=&#8220;on&#8220; overlay_icon_circle_color=&#8220;#FFFFFF&#8220; overlay_icon_use_icon_font_size=&#8220;on&#8220; overlay_icon_font_size=&#8220;15px&#8220; overlay_padding=&#8220;20px|20px|20px|20px|false|false&#8220; columns_tablet=&#8220;3&#8243; columns_phone=&#8220;2&#8243; columns_last_edited=&#8220;on|phone&#8220; gutter_tablet=&#8220;12&#8243; gutter_phone=&#8220;8&#8243; gutter_last_edited=&#8220;on|phone&#8220; overlay_icon_font_size_tablet=&#8220;&#8220; overlay_icon_font_size_phone=&#8220;12px&#8220; overlay_icon_font_size_last_edited=&#8220;on|phone&#8220; overlay_padding_tablet=&#8220;&#8220; overlay_padding_phone=&#8220;10px|10px|10px|10px|false|false&#8220; overlay_padding_last_edited=&#8220;on|phone&#8220; overlay_bg_color_gradient_type_tablet=&#8220;linear&#8220; overlay_bg_color_gradient_type_phone=&#8220;linear&#8220; _builder_version=&#8220;4.23&#8243; custom_padding=&#8220;20px|20px|20px|20px|false|false&#8220; border_radii_grid_item=&#8220;on|10px|10px|10px|10px&#8220; border_radii_grid_item_tablet=&#8220;&#8220; border_radii_grid_item_phone=&#8220;on|5px|5px|5px|5px&#8220; border_radii_grid_item_last_edited=&#8220;on|phone&#8220; box_shadow_style_images=&#8220;preset3&#8243; box_shadow_vertical_images=&#8220;3px&#8220; box_shadow_blur_images=&#8220;26px&#8220; box_shadow_color_images=&#8220;rgba(0,0,0,0.19)&#8220; global_colors_info=&#8220;{}&#8220; overlay_bg_color_gradient_type__hover=&#8220;linear&#8220; image_bg_color_gradient_type__hover=&#8220;linear&#8220;][\/dipi_masonry_gallery][\/et_pb_column][\/et_pb_row][\/et_pb_section]<\/p>\n","protected":false},"excerpt":{"rendered":"<p>Fallbeispiel ErfahrungIch habe Erfahrung mit \u00fcber 1300 F\u00e4llen aus 27 Provinzen der T\u00fcrkei und 7 verschiedenen L\u00e4ndern. Alle unsere Patienten sind registriert und werden von uns betreut.<div class=\"et_pb_module dipi_button_grid dipi_button_grid_0\">\n\t\t\t\t\n\t\t\t\t\n\t\t\t\t\n\t\t\t\t\n\t\t\t\t\n\t\t\t\t\n\t\t\t\t<div class=\"et_pb_module_inner\">\n\t\t\t\t\t<div class=\"dipi-button-grid-container\">\n                <div class=\"et_pb_module dipi_button_grid_child dipi_button_grid_child_0\">\n\t\t\t\t\n\t\t\t\t\n\t\t\t\t\n\t\t\t\t\n\t\t\t\t\n\t\t\t\t\n\t\t\t\t<div class=\"et_pb_module_inner\">\n\t\t\t\t\t<a class=\"et_pb_button dipi-button-grid dipi-button-wrap\" href=\"#\">Kontakt<\/a>\n\t\t\t\t<\/div>\n\t\t\t<\/div>\n            <\/div>\n\t\t\t\t<\/div>\n\t\t\t<\/div>Meine Geschichte Unsere Klinik f\u00fcr Hals-Nasen-Ohrenheilkunde, die seit mehr als 25 [&hellip;]<\/p>\n","protected":false},"author":1,"featured_media":0,"parent":0,"menu_order":0,"comment_status":"closed","ping_status":"closed","template":"","meta":{"_et_pb_use_builder":"on","_et_pb_old_content":"","_et_gb_content_width":"","slim_seo":{"title":"Unsere Klinik - Op. Dr. Hakan Y\u00fcksel","description":"1300+ Fallbeispiel Erfahrung Ich habe Erfahrung mit \u00fcber 1300 F\u00e4llen aus 27 Provinzen der T\u00fcrkei und 7 verschiedenen L\u00e4ndern. Alle unsere Patienten sind registr"},"footnotes":""},"dipi_cpt_category":[],"class_list":["post-244542","page","type-page","status-publish","hentry"],"_links":{"self":[{"href":"https:\/\/www.opdrhakanyuksel.com\/de\/wp-json\/wp\/v2\/pages\/244542","targetHints":{"allow":["GET"]}}],"collection":[{"href":"https:\/\/www.opdrhakanyuksel.com\/de\/wp-json\/wp\/v2\/pages"}],"about":[{"href":"https:\/\/www.opdrhakanyuksel.com\/de\/wp-json\/wp\/v2\/types\/page"}],"author":[{"embeddable":true,"href":"https:\/\/www.opdrhakanyuksel.com\/de\/wp-json\/wp\/v2\/users\/1"}],"replies":[{"embeddable":true,"href":"https:\/\/www.opdrhakanyuksel.com\/de\/wp-json\/wp\/v2\/comments?post=244542"}],"version-history":[{"count":1,"href":"https:\/\/www.opdrhakanyuksel.com\/de\/wp-json\/wp\/v2\/pages\/244542\/revisions"}],"predecessor-version":[{"id":244548,"href":"https:\/\/www.opdrhakanyuksel.com\/de\/wp-json\/wp\/v2\/pages\/244542\/revisions\/244548"}],"wp:attachment":[{"href":"https:\/\/www.opdrhakanyuksel.com\/de\/wp-json\/wp\/v2\/media?parent=244542"}],"wp:term":[{"taxonomy":"dipi_cpt_category","embeddable":true,"href":"https:\/\/www.opdrhakanyuksel.com\/de\/wp-json\/wp\/v2\/dipi_cpt_category?post=244542"}],"curies":[{"name":"wp","href":"https:\/\/api.w.org\/{rel}","templated":true}]}}